{"id":147,"date":"2025-10-18T17:40:38","date_gmt":"2025-10-18T17:40:38","guid":{"rendered":"http:\/\/www.slodkoscibabcireni.stronazen.pl\/?page_id=147"},"modified":"2025-10-25T17:33:57","modified_gmt":"2025-10-25T17:33:57","slug":"torty","status":"publish","type":"page","link":"https:\/\/www.cukierniatortyciastawalcz.pl\/index.php\/torty\/","title":{"rendered":"Torty"},"content":{"rendered":"\n<h2 class=\"wp-block-heading\">\ud83c\udf82 Torty na ka\u017cd\u0105 okazj\u0119<\/h2>\n\n\n\n<ul class=\"wp-block-list\">\n<li>komunijne<\/li>\n\n\n\n<li>urodzinowe<\/li>\n\n\n\n<li>rocznicowe<\/li>\n\n\n\n<li>na inne wyj\u0105tkowe okazje<\/li>\n<\/ul>\n\n\n\n<p>Ka\u017cdy tort wykonuj\u0119 z <strong>naturalnych sk\u0142adnik\u00f3w i dopasowujemy smak wed\u0142ug \u017cyczenia klienta.<\/strong><br>Mo\u017cesz wybra\u0107 zar\u00f3wno<strong> klasyczne<\/strong>, jak i <strong>nowoczesne<\/strong> po\u0142\u0105czenia smak\u00f3w \u2013 od delikatnych \u015bmietankowych po czekoladowe i owocowe.<\/p>\n\n\n\n<hr class=\"wp-block-separator has-alpha-channel-opacity\"\/>\n\n\n\n<h2 class=\"wp-block-heading\">\ud83c\udf70 Dost\u0119pne smaki<\/h2>\n\n\n\n<ul class=\"wp-block-list\">\n<li>\u015amietankowy z mascarpone \u2013 truskawka, porzeczka<\/li>\n\n\n\n<li>Czekoladowy \u2013 malina lub mango<\/li>\n\n\n\n<li>Oreo \u2013 malina lub truskawka<\/li>\n\n\n\n<li>Kinder Bueno \u2013 malina<\/li>\n\n\n\n<li>Bia\u0142a czekolada \u2013 czarna porzeczka lub malina<\/li>\n\n\n\n<li>Jagoda z bia\u0142\u0105 czekolad\u0105<\/li>\n\n\n\n<li>Cytryna z mi\u0119t\u0105 lub czekolad\u0105<\/li>\n\n\n\n<li>Kokos z bia\u0142\u0105 czekolad\u0105<\/li>\n\n\n\n<li>Bia\u0142y Micha\u0142ek \u2013 bor\u00f3wka<\/li>\n\n\n\n<li>Ciemny Micha\u0142ek \u2013 jagoda lub porzeczka<\/li>\n\n\n\n<li>Mango-marakuja z malin\u0105<\/li>\n\n\n\n<li>Wi\u015bnia z czekolad\u0105<\/li>\n\n\n\n<li>Kawa z orzechem<\/li>\n<\/ul>\n\n\n\n<hr class=\"wp-block-separator has-alpha-channel-opacity\"\/>\n\n\n\n<h2 class=\"wp-block-heading\">\ud83d\udcb0 Cennik tort\u00f3w<\/h2>\n\n\n\n<ul class=\"wp-block-list\">\n<li><strong>Mini (18 cm)<\/strong> \u2013 220 z\u0142<\/li>\n\n\n\n<li><strong>Ma\u0142y (20 cm)<\/strong> \u2013 280 z\u0142<\/li>\n\n\n\n<li><strong>\u015aredni (21 cm)<\/strong> \u2013 350 z\u0142<\/li>\n\n\n\n<li><strong>Du\u017cy (23 cm)<\/strong> \u2013 450 z\u0142<\/li>\n\n\n\n<li><strong>Prostok\u0105tny (45\u00d735 cm)<\/strong> \u2013 do 700 z\u0142<\/li>\n<\/ul>\n\n\n\n<p>Cena zale\u017cy od rodzaju biszkoptu, kremu, wyko\u0144czenia i dekoracji.<\/p>\n\n\n\n<hr class=\"wp-block-separator has-alpha-channel-opacity\"\/>\n\n\n\n<figure class=\"wp-block-gallery has-nested-images columns-default is-cropped wp-block-gallery-1 is-layout-flex wp-block-gallery-is-layout-flex\"><\/figure>\n","protected":false},"excerpt":{"rendered":"<p>\ud83c\udf82 Torty na ka\u017cd\u0105 okazj\u0119 Ka\u017cdy tort wykonuj\u0119 z naturalnych sk\u0142adnik\u00f3w i dopasowujemy smak wed\u0142ug \u017cyczenia klienta.Mo\u017cesz wybra\u0107 zar\u00f3wno klasyczne, jak i nowoczesne po\u0142\u0105czenia smak\u00f3w \u2013 od delikatnych \u015bmietankowych po czekoladowe i owocowe. \ud83c\udf70 Dost\u0119pne smaki \ud83d\udcb0 Cennik tort\u00f3w Cena zale\u017cy od rodzaju biszkoptu, kremu, wyko\u0144czenia i dekoracji.<\/p>\n","protected":false},"author":1,"featured_media":0,"parent":0,"menu_order":0,"comment_status":"closed","ping_status":"closed","template":"","meta":{"footnotes":""},"class_list":["post-147","page","type-page","status-publish","hentry"],"_links":{"self":[{"href":"https:\/\/www.cukierniatortyciastawalcz.pl\/index.php\/wp-json\/wp\/v2\/pages\/147","targetHints":{"allow":["GET"]}}],"collection":[{"href":"https:\/\/www.cukierniatortyciastawalcz.pl\/index.php\/wp-json\/wp\/v2\/pages"}],"about":[{"href":"https:\/\/www.cukierniatortyciastawalcz.pl\/index.php\/wp-json\/wp\/v2\/types\/page"}],"author":[{"embeddable":true,"href":"https:\/\/www.cukierniatortyciastawalcz.pl\/index.php\/wp-json\/wp\/v2\/users\/1"}],"replies":[{"embeddable":true,"href":"https:\/\/www.cukierniatortyciastawalcz.pl\/index.php\/wp-json\/wp\/v2\/comments?post=147"}],"version-history":[{"count":4,"href":"https:\/\/www.cukierniatortyciastawalcz.pl\/index.php\/wp-json\/wp\/v2\/pages\/147\/revisions"}],"predecessor-version":[{"id":329,"href":"https:\/\/www.cukierniatortyciastawalcz.pl\/index.php\/wp-json\/wp\/v2\/pages\/147\/revisions\/329"}],"wp:attachment":[{"href":"https:\/\/www.cukierniatortyciastawalcz.pl\/index.php\/wp-json\/wp\/v2\/media?parent=147"}],"curies":[{"name":"wp","href":"https:\/\/api.w.org\/{rel}","templated":true}]}}